{"id":7548,"date":"2022-08-05T13:17:38","date_gmt":"2022-08-05T13:17:38","guid":{"rendered":"https:\/\/battechbatteryhub.org\/?page_id=7548"},"modified":"2022-08-05T13:24:43","modified_gmt":"2022-08-05T13:24:43","slug":"data-treatment-information-contact-form","status":"publish","type":"page","link":"https:\/\/battechbatteryhub.org\/en\/data-treatment-information-contact-form\/","title":{"rendered":"Data treatment information &#8211; Contact form"},"content":{"rendered":"\t\t<div data-elementor-type=\"wp-page\" data-elementor-id=\"7548\" class=\"elementor elementor-7548 elementor-7535\" data-elementor-post-type=\"page\">\n\t\t\t\t\t\t<section class=\"elementor-section elementor-top-section elementor-element elementor-element-79d1745 elementor-section-boxed elementor-section-height-default elementor-section-height-default\" data-id=\"79d1745\" data-element_type=\"section\" data-e-type=\"section\">\n\t\t\t\t\t\t<div class=\"elementor-container elementor-column-gap-default\">\n\t\t\t\t\t<div class=\"elementor-column elementor-col-25 elementor-top-column elementor-element elementor-element-62a8dc7\" data-id=\"62a8dc7\" data-element_type=\"column\" data-e-type=\"column\">\n\t\t\t<div class=\"elementor-widget-wrap\">\n\t\t\t\t\t\t\t<\/div>\n\t\t<\/div>\n\t\t\t\t<div class=\"elementor-column elementor-col-50 elementor-top-column elementor-element elementor-element-569e7e9\" data-id=\"569e7e9\" data-element_type=\"column\" data-e-type=\"column\">\n\t\t\t<div class=\"elementor-widget-wrap elementor-element-populated\">\n\t\t\t\t\t\t<div class=\"elementor-element elementor-element-91ceedc elementor-widget elementor-widget-text-editor\" data-id=\"91ceedc\" data-element_type=\"widget\" data-e-type=\"widget\" data-widget_type=\"text-editor.default\">\n\t\t\t\t<div class=\"elementor-widget-container\">\n\t\t\t\t\t\t\t\t\t<p><strong>Data Controller<\/strong>: The Data Controller is Fundaci\u00f3 Eurecat, with Vat number G-66210345 sited at Av. Universitat Aut\u00f2noma 23, 08290, Cerdanyola del Vall\u00e8s (BCN), legal@eurecat.org (the \u201cData Controller\u201d) Data Protection Officer contact information de contact dpo@eurecat.org<\/p><p><strong>Purposes of the data treatment<\/strong>: identifying data (name, surname, email address) and the data and information provided at the form shall be processed to manage and answer your query.<\/p><p><strong>Legal Basis<\/strong>: the legal basis for its data processing are the proper actions to answer and manage your contact (GDPR art 6.1 b).<\/p><p><strong>Recipients<\/strong>: The data shall not be ceded to third parties, although, certain data may be shared to IREC as a promotor of BATTECH, in those cases that it should be required to manage properly your query. However, the data may be accessible to third parties as to the Data Controller services providers or, because of legal obligations. Further information at Pol\u00edtica de Privacitat.<\/p><p><strong>Storage<\/strong>: The data shall be stored for the term required to develop the purpose of the data processing\u2019s, or, until the data subject request its deletion.<\/p><p><strong>Automated decisions and profiling<\/strong>: the data shall not be object of profiling neither automated decisions.<\/p><p><strong>Rights<\/strong>: the consent may be revoked at any time. You may also have the right to access, rectify, erase the data and exercise your right to restriction of the processing data and to ask for the portability of the data according to the legal conditions contacting the data controller at: Fundaci\u00f3 Eurecat a Av. Universitat Aut\u00f2noma 23, 08290 Cerdanyola del Vall\u00e8s (Barcelona), or by email a legal@eurecat.org<\/p><p><strong>Supervisory Authority<\/strong>: in case the user shall not obtained the execution of a right petition, or considered it unsatisfactory, or require further information about the subject\u2019s data rights, you may consult to the Agencia Espa\u00f1ola de Protecci\u00f3n de Datos (<a href=\"http:\/\/www.agpd.es\">www.agpd.es<\/a>).<\/p><p><strong>Further Information<\/strong>: you may consult further information about the data treatment at <a href=\"https:\/\/battechbatteryhub.org\/en\/privacy-policy\/\">Privacy Policy<\/a><\/p>\t\t\t\t\t\t\t\t<\/div>\n\t\t\t\t<\/div>\n\t\t\t\t\t<\/div>\n\t\t<\/div>\n\t\t\t\t<div class=\"elementor-column elementor-col-25 elementor-top-column elementor-element elementor-element-d69141c\" data-id=\"d69141c\" data-element_type=\"column\" data-e-type=\"column\">\n\t\t\t<div class=\"elementor-widget-wrap\">\n\t\t\t\t\t\t\t<\/div>\n\t\t<\/div>\n\t\t\t\t\t<\/div>\n\t\t<\/section>\n\t\t\t\t<\/div>\n\t\t","protected":false},"excerpt":{"rendered":"<p>Data Controller: The Data Controller is Fundaci\u00f3 Eurecat, with Vat number G-66210345 sited at Av. Universitat Aut\u00f2noma 23, 08290, Cerdanyola del Vall\u00e8s (BCN), legal@eurecat.org (the \u201cData Controller\u201d) Data Protection Officer contact information de contact dpo@eurecat.org Purposes of the data treatment: identifying data (name, surname, email address) and the data and information provided at the form&hellip;<\/p>\n","protected":false},"author":2,"featured_media":0,"parent":0,"menu_order":0,"comment_status":"closed","ping_status":"closed","template":"","meta":{"footnotes":""},"class_list":["post-7548","page","type-page","status-publish","hentry"],"_links":{"self":[{"href":"https:\/\/battechbatteryhub.org\/en\/wp-json\/wp\/v2\/pages\/7548","targetHints":{"allow":["GET"]}}],"collection":[{"href":"https:\/\/battechbatteryhub.org\/en\/wp-json\/wp\/v2\/pages"}],"about":[{"href":"https:\/\/battechbatteryhub.org\/en\/wp-json\/wp\/v2\/types\/page"}],"author":[{"embeddable":true,"href":"https:\/\/battechbatteryhub.org\/en\/wp-json\/wp\/v2\/users\/2"}],"replies":[{"embeddable":true,"href":"https:\/\/battechbatteryhub.org\/en\/wp-json\/wp\/v2\/comments?post=7548"}],"version-history":[{"count":1,"href":"https:\/\/battechbatteryhub.org\/en\/wp-json\/wp\/v2\/pages\/7548\/revisions"}],"predecessor-version":[{"id":7552,"href":"https:\/\/battechbatteryhub.org\/en\/wp-json\/wp\/v2\/pages\/7548\/revisions\/7552"}],"wp:attachment":[{"href":"https:\/\/battechbatteryhub.org\/en\/wp-json\/wp\/v2\/media?parent=7548"}],"curies":[{"name":"wp","href":"https:\/\/api.w.org\/{rel}","templated":true}]}}