{"id":6654,"date":"2022-07-08T10:54:15","date_gmt":"2022-07-08T10:54:15","guid":{"rendered":"https:\/\/battechbatteryhub.org\/sobre-el-battech\/"},"modified":"2022-09-13T07:13:57","modified_gmt":"2022-09-13T07:13:57","slug":"sobre-battech","status":"publish","type":"page","link":"https:\/\/battechbatteryhub.org\/es\/sobre-battech\/","title":{"rendered":"Sobre BATTECH"},"content":{"rendered":"\t\t<div data-elementor-type=\"wp-page\" data-elementor-id=\"6654\" class=\"elementor elementor-6654 elementor-6100\" data-elementor-post-type=\"page\">\n\t\t\t\t\t\t<section class=\"elementor-section elementor-top-section elementor-element elementor-element-5d56e35 elementor-section-boxed elementor-section-height-default elementor-section-height-default\" data-id=\"5d56e35\" data-element_type=\"section\" data-e-type=\"section\" data-settings=\"{&quot;background_background&quot;:&quot;classic&quot;}\">\n\t\t\t\t\t\t<div class=\"elementor-container elementor-column-gap-default\">\n\t\t\t\t\t<div class=\"elementor-column elementor-col-50 elementor-top-column elementor-element elementor-element-040306c\" data-id=\"040306c\" data-element_type=\"column\" data-e-type=\"column\">\n\t\t\t<div class=\"elementor-widget-wrap elementor-element-populated\">\n\t\t\t\t\t\t<div class=\"elementor-element elementor-element-3c0036a icon-position-right content-align-left icon-box-vertical-align-top icon-vertical-align-start elementor-widget elementor-widget-the7_icon_box_widget\" data-id=\"3c0036a\" data-element_type=\"widget\" data-e-type=\"widget\" data-widget_type=\"the7_icon_box_widget.default\">\n\t\t\t\t<div class=\"elementor-widget-container\">\n\t\t\t\t\t\n\t\t<div class=\"the7-box-wrapper the7-elementor-widget the7_icon_box_widget-3c0036a\">\t\t\t<div class=\"box-content-wrapper\">\n\t\t\t\t\t\t\t\t\t<a class=\"elementor-icon-div\" >\t\t\t\t\t\t<div class=\"elementor-icon\">\n\t\t\t\t\t\t\t<i aria-hidden=\"true\" class=\"the7feather- the7-feather-battery-charging\"><\/i>\t\t\t\t\t\t<\/div>\n\t\t\t\t\t<\/a>\t\t\t\t\t\t\t\t<div class=\"box-content\">\n\t\t\t\t\t\t\t\t\t\t\t\t\t\t\t\t\t<h2 class=\"box-heading\">\n\t\t\t\t\t\t\t<a >\t\t\t\t\t\t\t\tSobre BATTECH\t\t\t\t\t\t\t<\/a>\t\t\t\t\t\t<\/h2>\n\t\t\t\t\t\t\t\t\t\t\n\t\t\t\t\t\n\t\t\t\t<\/div>\n\t\t\t<\/div>\n\t\t<\/div>\t\t\t\t\t<\/div>\n\t\t\t\t<\/div>\n\t\t\t\t<div class=\"elementor-element elementor-element-2e30163 elementor-widget elementor-widget-spacer\" data-id=\"2e30163\" data-element_type=\"widget\" data-e-type=\"widget\" data-widget_type=\"spacer.default\">\n\t\t\t\t<div class=\"elementor-widget-container\">\n\t\t\t\t\t\t\t<div class=\"elementor-spacer\">\n\t\t\t<div class=\"elementor-spacer-inner\"><\/div>\n\t\t<\/div>\n\t\t\t\t\t\t<\/div>\n\t\t\t\t<\/div>\n\t\t\t\t<div class=\"elementor-element elementor-element-a95c243 icon-position-right content-align-left icon-box-vertical-align-top icon-vertical-align-start elementor-widget elementor-widget-the7_icon_box_widget\" data-id=\"a95c243\" data-element_type=\"widget\" data-e-type=\"widget\" data-widget_type=\"the7_icon_box_widget.default\">\n\t\t\t\t<div class=\"elementor-widget-container\">\n\t\t\t\t\t\n\t\t<div class=\"the7-box-wrapper the7-elementor-widget the7_icon_box_widget-a95c243\">\t\t\t<div class=\"box-content-wrapper\">\n\t\t\t\t\t\t\t\t<div class=\"box-content\">\n\t\t\t\t\t\t\t\t\t\t\t\t\t\t\t\t<div class=\"box-description\">BATTECH es el centro de referencia para cubrir toda la I+D+i del ecosistema de bater\u00edas del sur de Europa, que abarca la investigaci\u00f3n, desarrollo e innovaci\u00f3n de toda la cadena de valor de la pr\u00f3xima generaci\u00f3n de celdas y bater\u00edas el\u00e9ctricas para los mercados de la movilidad el\u00e9ctrica, las energ\u00edas renovables y los bienes de equipo impulsado por Eurecat y el IREC.<\/div>\n\t\t\t\t\t\n\t\t\t\t\t\n\t\t\t\t<\/div>\n\t\t\t<\/div>\n\t\t<\/div>\t\t\t\t\t<\/div>\n\t\t\t\t<\/div>\n\t\t\t\t<div class=\"elementor-element elementor-element-baf8b40 elementor-widget elementor-widget-spacer\" data-id=\"baf8b40\" data-element_type=\"widget\" data-e-type=\"widget\" data-widget_type=\"spacer.default\">\n\t\t\t\t<div class=\"elementor-widget-container\">\n\t\t\t\t\t\t\t<div class=\"elementor-spacer\">\n\t\t\t<div class=\"elementor-spacer-inner\"><\/div>\n\t\t<\/div>\n\t\t\t\t\t\t<\/div>\n\t\t\t\t<\/div>\n\t\t\t\t<div class=\"elementor-element elementor-element-b28eafa elementor-widget elementor-widget-image\" data-id=\"b28eafa\" data-element_type=\"widget\" data-e-type=\"widget\" data-widget_type=\"image.default\">\n\t\t\t\t<div class=\"elementor-widget-container\">\n\t\t\t\t\t\t\t\t\t\t\t\t\t\t\t<img fetchpriority=\"high\" decoding=\"async\" width=\"300\" height=\"200\" src=\"https:\/\/battechbatteryhub.org\/wp-content\/uploads\/2022\/07\/batt-300x200.jpg\" class=\"attachment-medium size-medium wp-image-7231\" alt=\"\" srcset=\"https:\/\/battechbatteryhub.org\/wp-content\/uploads\/2022\/07\/batt-300x200.jpg 300w, https:\/\/battechbatteryhub.org\/wp-content\/uploads\/2022\/07\/batt.jpg 640w\" sizes=\"(max-width: 300px) 100vw, 300px\" \/>\t\t\t\t\t\t\t\t\t\t\t\t\t\t\t<\/div>\n\t\t\t\t<\/div>\n\t\t\t\t<div class=\"elementor-element elementor-element-4114aa2 elementor-widget elementor-widget-spacer\" data-id=\"4114aa2\" data-element_type=\"widget\" data-e-type=\"widget\" data-widget_type=\"spacer.default\">\n\t\t\t\t<div class=\"elementor-widget-container\">\n\t\t\t\t\t\t\t<div class=\"elementor-spacer\">\n\t\t\t<div class=\"elementor-spacer-inner\"><\/div>\n\t\t<\/div>\n\t\t\t\t\t\t<\/div>\n\t\t\t\t<\/div>\n\t\t\t\t<div class=\"elementor-element elementor-element-087b9fb elementor-widget elementor-widget-spacer\" data-id=\"087b9fb\" data-element_type=\"widget\" data-e-type=\"widget\" data-widget_type=\"spacer.default\">\n\t\t\t\t<div class=\"elementor-widget-container\">\n\t\t\t\t\t\t\t<div class=\"elementor-spacer\">\n\t\t\t<div class=\"elementor-spacer-inner\"><\/div>\n\t\t<\/div>\n\t\t\t\t\t\t<\/div>\n\t\t\t\t<\/div>\n\t\t\t\t\t<\/div>\n\t\t<\/div>\n\t\t\t\t<div class=\"elementor-column elementor-col-50 elementor-top-column elementor-element elementor-element-9d02938\" data-id=\"9d02938\" data-element_type=\"column\" data-e-type=\"column\">\n\t\t\t<div class=\"elementor-widget-wrap elementor-element-populated\">\n\t\t\t\t\t\t<div class=\"elementor-element elementor-element-905665b icon-position-right content-align-left icon-box-vertical-align-top icon-vertical-align-start elementor-widget elementor-widget-the7_icon_box_widget\" data-id=\"905665b\" data-element_type=\"widget\" data-e-type=\"widget\" data-widget_type=\"the7_icon_box_widget.default\">\n\t\t\t\t<div class=\"elementor-widget-container\">\n\t\t\t\t\t\n\t\t<div class=\"the7-box-wrapper the7-elementor-widget the7_icon_box_widget-905665b\">\t\t\t<div class=\"box-content-wrapper\">\n\t\t\t\t\t\t\t\t\t<a class=\"elementor-icon-div\" >\t\t\t\t\t\t<div class=\"elementor-icon\">\n\t\t\t\t\t\t\t<i aria-hidden=\"true\" class=\"fas fa-charging-station\"><\/i>\t\t\t\t\t\t<\/div>\n\t\t\t\t\t<\/a>\t\t\t\t\t\t\t\t<div class=\"box-content\">\n\t\t\t\t\t\t\t\t\t\t\t\t\t\t\t\t\t<h2 class=\"box-heading\">\n\t\t\t\t\t\t\t<a >\t\t\t\t\t\t\t\tMobilitat sostenible\t\t\t\t\t\t\t<\/a>\t\t\t\t\t\t<\/h2>\n\t\t\t\t\t\t\t\t\t\t\n\t\t\t\t\t\n\t\t\t\t<\/div>\n\t\t\t<\/div>\n\t\t<\/div>\t\t\t\t\t<\/div>\n\t\t\t\t<\/div>\n\t\t\t\t<div class=\"elementor-element elementor-element-702326f elementor-widget elementor-widget-spacer\" data-id=\"702326f\" data-element_type=\"widget\" data-e-type=\"widget\" data-widget_type=\"spacer.default\">\n\t\t\t\t<div class=\"elementor-widget-container\">\n\t\t\t\t\t\t\t<div class=\"elementor-spacer\">\n\t\t\t<div class=\"elementor-spacer-inner\"><\/div>\n\t\t<\/div>\n\t\t\t\t\t\t<\/div>\n\t\t\t\t<\/div>\n\t\t\t\t<div class=\"elementor-element elementor-element-1eaa6c0 icon-position-right content-align-left icon-box-vertical-align-top icon-vertical-align-start elementor-widget elementor-widget-the7_icon_box_widget\" data-id=\"1eaa6c0\" data-element_type=\"widget\" data-e-type=\"widget\" data-widget_type=\"the7_icon_box_widget.default\">\n\t\t\t\t<div class=\"elementor-widget-container\">\n\t\t\t\t\t\n\t\t<div class=\"the7-box-wrapper the7-elementor-widget the7_icon_box_widget-1eaa6c0\">\t\t\t<div class=\"box-content-wrapper\">\n\t\t\t\t\t\t\t\t<div class=\"box-content\">\n\t\t\t\t\t\t\t\t\t\t\t\t\t\t\t\t<div class=\"box-description\">BATTECH se enmarca en el concepto de movilidad sostenible, con especial atenci\u00f3n al estudio de nuevas f\u00f3rmulas de almacenamiento de energ\u00eda para allanar el camino de la introducci\u00f3n del veh\u00edculo el\u00e9ctrico, tanto del sector de la automoci\u00f3n como de fabricantes de puntos de recarga, entre otros.\n\nLa iniciativa, adem\u00e1s, est\u00e1 alineada con el Acuerdo de Par\u00eds, que establece una reducci\u00f3n de las emisiones del 40 por ciento para 2030 a trav\u00e9s del desarrollo de bater\u00edas de mayor densidad energ\u00e9tica, eficientes y sostenibles para los veh\u00edculos el\u00e9ctricos. La iniciativa contribuye, tambi\u00e9n, a la New Industrial Strategy for Europe, al Circular Economy Action Plan y al Regulatory Framework for Sustainable Batteries, que forma parte de las acciones clave del European Green Deal.<\/div>\n\t\t\t\t\t\n\t\t\t\t\t\n\t\t\t\t<\/div>\n\t\t\t<\/div>\n\t\t<\/div>\t\t\t\t\t<\/div>\n\t\t\t\t<\/div>\n\t\t\t\t\t<\/div>\n\t\t<\/div>\n\t\t\t\t\t<\/div>\n\t\t<\/section>\n\t\t\t\t<section class=\"elementor-section elementor-top-section elementor-element elementor-element-afdcd47 elementor-section-boxed elementor-section-height-default elementor-section-height-default\" data-id=\"afdcd47\" data-element_type=\"section\" data-e-type=\"section\" data-settings=\"{&quot;background_background&quot;:&quot;gradient&quot;}\">\n\t\t\t\t\t\t<div class=\"elementor-container elementor-column-gap-default\">\n\t\t\t\t\t<div class=\"elementor-column elementor-col-100 elementor-top-column elementor-element elementor-element-3f45283\" data-id=\"3f45283\" data-element_type=\"column\" data-e-type=\"column\">\n\t\t\t<div class=\"elementor-widget-wrap elementor-element-populated\">\n\t\t\t\t\t\t<div class=\"elementor-element elementor-element-2b93120 elementor-widget elementor-widget-spacer\" data-id=\"2b93120\" data-element_type=\"widget\" data-e-type=\"widget\" data-widget_type=\"spacer.default\">\n\t\t\t\t<div class=\"elementor-widget-container\">\n\t\t\t\t\t\t\t<div class=\"elementor-spacer\">\n\t\t\t<div class=\"elementor-spacer-inner\"><\/div>\n\t\t<\/div>\n\t\t\t\t\t\t<\/div>\n\t\t\t\t<\/div>\n\t\t\t\t<div class=\"elementor-element elementor-element-958cb3b elementor-widget elementor-widget-heading\" data-id=\"958cb3b\" data-element_type=\"widget\" data-e-type=\"widget\" data-widget_type=\"heading.default\">\n\t\t\t\t<div class=\"elementor-widget-container\">\n\t\t\t\t\t<h2 class=\"elementor-heading-title elementor-size-default\">Una unidad conjunta de investigaci\u00f3n<\/h2>\t\t\t\t<\/div>\n\t\t\t\t<\/div>\n\t\t\t\t<div class=\"elementor-element elementor-element-7cbae29 elementor-widget elementor-widget-spacer\" data-id=\"7cbae29\" data-element_type=\"widget\" data-e-type=\"widget\" data-widget_type=\"spacer.default\">\n\t\t\t\t<div class=\"elementor-widget-container\">\n\t\t\t\t\t\t\t<div class=\"elementor-spacer\">\n\t\t\t<div class=\"elementor-spacer-inner\"><\/div>\n\t\t<\/div>\n\t\t\t\t\t\t<\/div>\n\t\t\t\t<\/div>\n\t\t\t\t<div class=\"elementor-element elementor-element-5e11e71 elementor-widget elementor-widget-text-editor\" data-id=\"5e11e71\" data-element_type=\"widget\" data-e-type=\"widget\" data-widget_type=\"text-editor.default\">\n\t\t\t\t<div class=\"elementor-widget-container\">\n\t\t\t\t\t\t\t\t\t<p>Battech es una iniciativa impulsada por IREC, Instituto de Investigaci\u00f3n en Energ\u00eda de Catalu\u00f1a y el centro tecnol\u00f3gico Eurecat que establecer\u00e1 una unidad conjunta de investigaci\u00f3n, desarrollo, ensayo e innovaci\u00f3n especializada en el \u00e1mbito de las bater\u00edas, con el objetivo de mejorar la transferencia de conocimiento a la industria en este \u00e1mbito, desde una perspectiva enfocada a la econom\u00eda circular y la sostenibilidad de las bater\u00edas del futuro.<\/p>\t\t\t\t\t\t\t\t<\/div>\n\t\t\t\t<\/div>\n\t\t\t\t<div class=\"elementor-element elementor-element-6967937 elementor-widget elementor-widget-spacer\" data-id=\"6967937\" data-element_type=\"widget\" data-e-type=\"widget\" data-widget_type=\"spacer.default\">\n\t\t\t\t<div class=\"elementor-widget-container\">\n\t\t\t\t\t\t\t<div class=\"elementor-spacer\">\n\t\t\t<div class=\"elementor-spacer-inner\"><\/div>\n\t\t<\/div>\n\t\t\t\t\t\t<\/div>\n\t\t\t\t<\/div>\n\t\t\t\t<section class=\"elementor-section elementor-inner-section elementor-element elementor-element-6ad7338 elementor-section-boxed elementor-section-height-default elementor-section-height-default\" data-id=\"6ad7338\" data-element_type=\"section\" data-e-type=\"section\">\n\t\t\t\t\t\t<div class=\"elementor-container elementor-column-gap-default\">\n\t\t\t\t\t<div class=\"elementor-column elementor-col-50 elementor-inner-column elementor-element elementor-element-1d78cb9\" data-id=\"1d78cb9\" data-element_type=\"column\" data-e-type=\"column\">\n\t\t\t<div class=\"elementor-widget-wrap elementor-element-populated\">\n\t\t\t\t\t\t<div class=\"elementor-element elementor-element-617866e elementor-widget elementor-widget-image\" data-id=\"617866e\" data-element_type=\"widget\" data-e-type=\"widget\" data-widget_type=\"image.default\">\n\t\t\t\t<div class=\"elementor-widget-container\">\n\t\t\t\t\t\t\t\t\t\t\t\t\t\t\t<img decoding=\"async\" width=\"250\" height=\"83\" data-src=\"https:\/\/battechbatteryhub.org\/wp-content\/uploads\/2022\/07\/eurecat.png\" class=\"attachment-full size-full wp-image-6601 lazyload\" alt=\"\" src=\"data:image\/svg+xml;base64,PHN2ZyB3aWR0aD0iMSIgaGVpZ2h0PSIxIiB4bWxucz0iaHR0cDovL3d3dy53My5vcmcvMjAwMC9zdmciPjwvc3ZnPg==\" style=\"--smush-placeholder-width: 250px; --smush-placeholder-aspect-ratio: 250\/83;\" \/>\t\t\t\t\t\t\t\t\t\t\t\t\t\t\t<\/div>\n\t\t\t\t<\/div>\n\t\t\t\t<div class=\"elementor-element elementor-element-5d44d37 elementor-widget elementor-widget-text-editor\" data-id=\"5d44d37\" data-element_type=\"widget\" data-e-type=\"widget\" data-widget_type=\"text-editor.default\">\n\t\t\t\t<div class=\"elementor-widget-container\">\n\t\t\t\t\t\t\t\t\t<p>Eurecat es el centro tecnol\u00f3gico m\u00e1s puntero de Catalu\u00f1a y la segunda mayor organizaci\u00f3n de investigaci\u00f3n privada del sur de Europa. Eurecat re\u00fane a m\u00e1s de 750 profesionales, y da servicio a m\u00e1s de 1.700 empresas, participa en m\u00e1s de 200 proyectos de I+D+i nacionales e internacionales de alto valor estrat\u00e9gico y cuenta con 88 patentes y 7 spin-off .<\/p><p>Eurecat participa de la unidad conjunta mediante \u00a0diferentes unidades de investigaci\u00f3n del centro\u00a0que ofrece experiencia en la modelizaci\u00f3n y ensayo de celdas y bater\u00edas, as\u00ed como en el an\u00e1lisis de ciclo de vida y en el reciclaje y recuperaci\u00f3n de materiales. Tambi\u00e9n en lo que se refiere a eco-dise\u00f1o y procesos avanzados de manufactura, mejora de los sistemas de gesti\u00f3n y control de las bater\u00edas y su integraci\u00f3n en dispositivos, veh\u00edculos y la red el\u00e9ctrica.<\/p>\t\t\t\t\t\t\t\t<\/div>\n\t\t\t\t<\/div>\n\t\t\t\t<div class=\"elementor-element elementor-element-54e8339 elementor-widget elementor-widget-spacer\" data-id=\"54e8339\" data-element_type=\"widget\" data-e-type=\"widget\" data-widget_type=\"spacer.default\">\n\t\t\t\t<div class=\"elementor-widget-container\">\n\t\t\t\t\t\t\t<div class=\"elementor-spacer\">\n\t\t\t<div class=\"elementor-spacer-inner\"><\/div>\n\t\t<\/div>\n\t\t\t\t\t\t<\/div>\n\t\t\t\t<\/div>\n\t\t\t\t<div class=\"elementor-element elementor-element-06038b0 elementor-widget elementor-widget-image\" data-id=\"06038b0\" data-element_type=\"widget\" data-e-type=\"widget\" data-widget_type=\"image.default\">\n\t\t\t\t<div class=\"elementor-widget-container\">\n\t\t\t\t\t\t\t\t\t\t\t\t\t\t\t<img decoding=\"async\" width=\"1024\" height=\"683\" data-src=\"https:\/\/battechbatteryhub.org\/wp-content\/uploads\/2022\/07\/unitat-conjunta2-1024x683.jpg\" class=\"attachment-large size-large wp-image-6589 lazyload\" alt=\"\" data-srcset=\"https:\/\/battechbatteryhub.org\/wp-content\/uploads\/2022\/07\/unitat-conjunta2-1024x683.jpg 1024w, https:\/\/battechbatteryhub.org\/wp-content\/uploads\/2022\/07\/unitat-conjunta2-300x200.jpg 300w, https:\/\/battechbatteryhub.org\/wp-content\/uploads\/2022\/07\/unitat-conjunta2-768x512.jpg 768w, https:\/\/battechbatteryhub.org\/wp-content\/uploads\/2022\/07\/unitat-conjunta2.jpg 1440w\" data-sizes=\"(max-width: 1024px) 100vw, 1024px\" src=\"data:image\/svg+xml;base64,PHN2ZyB3aWR0aD0iMSIgaGVpZ2h0PSIxIiB4bWxucz0iaHR0cDovL3d3dy53My5vcmcvMjAwMC9zdmciPjwvc3ZnPg==\" style=\"--smush-placeholder-width: 1024px; --smush-placeholder-aspect-ratio: 1024\/683;\" \/>\t\t\t\t\t\t\t\t\t\t\t\t\t\t\t<\/div>\n\t\t\t\t<\/div>\n\t\t\t\t\t<\/div>\n\t\t<\/div>\n\t\t\t\t<div class=\"elementor-column elementor-col-50 elementor-inner-column elementor-element elementor-element-5dc2925\" data-id=\"5dc2925\" data-element_type=\"column\" data-e-type=\"column\">\n\t\t\t<div class=\"elementor-widget-wrap elementor-element-populated\">\n\t\t\t\t\t\t<div class=\"elementor-element elementor-element-f7f9bc6 elementor-widget elementor-widget-image\" data-id=\"f7f9bc6\" data-element_type=\"widget\" data-e-type=\"widget\" data-widget_type=\"image.default\">\n\t\t\t\t<div class=\"elementor-widget-container\">\n\t\t\t\t\t\t\t\t\t\t\t\t\t\t\t<img decoding=\"async\" width=\"1024\" height=\"683\" data-src=\"https:\/\/battechbatteryhub.org\/wp-content\/uploads\/2022\/07\/unitat-conjunta-1024x683.jpg\" class=\"attachment-large size-large wp-image-6587 lazyload\" alt=\"\" data-srcset=\"https:\/\/battechbatteryhub.org\/wp-content\/uploads\/2022\/07\/unitat-conjunta-1024x683.jpg 1024w, https:\/\/battechbatteryhub.org\/wp-content\/uploads\/2022\/07\/unitat-conjunta-300x200.jpg 300w, https:\/\/battechbatteryhub.org\/wp-content\/uploads\/2022\/07\/unitat-conjunta-768x512.jpg 768w, https:\/\/battechbatteryhub.org\/wp-content\/uploads\/2022\/07\/unitat-conjunta.jpg 1440w\" data-sizes=\"(max-width: 1024px) 100vw, 1024px\" src=\"data:image\/svg+xml;base64,PHN2ZyB3aWR0aD0iMSIgaGVpZ2h0PSIxIiB4bWxucz0iaHR0cDovL3d3dy53My5vcmcvMjAwMC9zdmciPjwvc3ZnPg==\" style=\"--smush-placeholder-width: 1024px; --smush-placeholder-aspect-ratio: 1024\/683;\" \/>\t\t\t\t\t\t\t\t\t\t\t\t\t\t\t<\/div>\n\t\t\t\t<\/div>\n\t\t\t\t<div class=\"elementor-element elementor-element-df85d05 elementor-widget elementor-widget-spacer\" data-id=\"df85d05\" data-element_type=\"widget\" data-e-type=\"widget\" data-widget_type=\"spacer.default\">\n\t\t\t\t<div class=\"elementor-widget-container\">\n\t\t\t\t\t\t\t<div class=\"elementor-spacer\">\n\t\t\t<div class=\"elementor-spacer-inner\"><\/div>\n\t\t<\/div>\n\t\t\t\t\t\t<\/div>\n\t\t\t\t<\/div>\n\t\t\t\t<div class=\"elementor-element elementor-element-7714346 elementor-widget elementor-widget-image\" data-id=\"7714346\" data-element_type=\"widget\" data-e-type=\"widget\" data-widget_type=\"image.default\">\n\t\t\t\t<div class=\"elementor-widget-container\">\n\t\t\t\t\t\t\t\t\t\t\t\t\t\t\t<img decoding=\"async\" data-src=\"https:\/\/battechbatteryhub.org\/wp-content\/uploads\/elementor\/thumbs\/irec-prm4l6baeimgrdl50wbp6myja127xfhl5mpxylr9ha.png\" title=\"irec\" alt=\"irec\" src=\"data:image\/svg+xml;base64,PHN2ZyB3aWR0aD0iMSIgaGVpZ2h0PSIxIiB4bWxucz0iaHR0cDovL3d3dy53My5vcmcvMjAwMC9zdmciPjwvc3ZnPg==\" class=\"lazyload\" style=\"--smush-placeholder-width: 250px; --smush-placeholder-aspect-ratio: 250\/83;\" \/>\t\t\t\t\t\t\t\t\t\t\t\t\t\t\t<\/div>\n\t\t\t\t<\/div>\n\t\t\t\t<div class=\"elementor-element elementor-element-f076a58 elementor-widget elementor-widget-text-editor\" data-id=\"f076a58\" data-element_type=\"widget\" data-e-type=\"widget\" data-widget_type=\"text-editor.default\">\n\t\t\t\t<div class=\"elementor-widget-container\">\n\t\t\t\t\t\t\t\t\t<p>El Instituto de Investigaci\u00f3n en Energ\u00eda de Catalu\u00f1a (IREC) lidera la generaci\u00f3n de conocimientos cient\u00edficos y tecnol\u00f3gicos disruptivos destinados a proporcionar a la industria soluciones energ\u00e9ticas a medio y largo plazo innovadoras y sostenibles. Tambi\u00e9n promueve la transferencia continua de conocimiento al mercado ya la sociedad colaborando directamente con empresas y proporcionando un entorno que potencie la creaci\u00f3n de spin-offs y apoyar la generaci\u00f3n y licencia de patentes.<\/p>\t\t\t\t\t\t\t\t<\/div>\n\t\t\t\t<\/div>\n\t\t\t\t<div class=\"elementor-element elementor-element-90e8566 elementor-widget elementor-widget-spacer\" data-id=\"90e8566\" data-element_type=\"widget\" data-e-type=\"widget\" data-widget_type=\"spacer.default\">\n\t\t\t\t<div class=\"elementor-widget-container\">\n\t\t\t\t\t\t\t<div class=\"elementor-spacer\">\n\t\t\t<div class=\"elementor-spacer-inner\"><\/div>\n\t\t<\/div>\n\t\t\t\t\t\t<\/div>\n\t\t\t\t<\/div>\n\t\t\t\t\t<\/div>\n\t\t<\/div>\n\t\t\t\t\t<\/div>\n\t\t<\/section>\n\t\t\t\t\t<\/div>\n\t\t<\/div>\n\t\t\t\t\t<\/div>\n\t\t<\/section>\n\t\t\t\t<\/div>\n\t\t","protected":false},"excerpt":{"rendered":"<p>Sobre BATTECH BATTECH es el centro de referencia para cubrir toda la I+D+i del ecosistema de bater\u00edas del sur de Europa, que abarca la investigaci\u00f3n, desarrollo e innovaci\u00f3n de toda la cadena de valor de la pr\u00f3xima generaci\u00f3n de celdas y bater\u00edas el\u00e9ctricas para los mercados de la movilidad el\u00e9ctrica, las energ\u00edas renovables y los&hellip;<\/p>\n","protected":false},"author":2,"featured_media":0,"parent":0,"menu_order":0,"comment_status":"closed","ping_status":"closed","template":"elementor_header_footer","meta":{"footnotes":""},"class_list":["post-6654","page","type-page","status-publish","hentry"],"_links":{"self":[{"href":"https:\/\/battechbatteryhub.org\/es\/wp-json\/wp\/v2\/pages\/6654","targetHints":{"allow":["GET"]}}],"collection":[{"href":"https:\/\/battechbatteryhub.org\/es\/wp-json\/wp\/v2\/pages"}],"about":[{"href":"https:\/\/battechbatteryhub.org\/es\/wp-json\/wp\/v2\/types\/page"}],"author":[{"embeddable":true,"href":"https:\/\/battechbatteryhub.org\/es\/wp-json\/wp\/v2\/users\/2"}],"replies":[{"embeddable":true,"href":"https:\/\/battechbatteryhub.org\/es\/wp-json\/wp\/v2\/comments?post=6654"}],"version-history":[{"count":1,"href":"https:\/\/battechbatteryhub.org\/es\/wp-json\/wp\/v2\/pages\/6654\/revisions"}],"predecessor-version":[{"id":7635,"href":"https:\/\/battechbatteryhub.org\/es\/wp-json\/wp\/v2\/pages\/6654\/revisions\/7635"}],"wp:attachment":[{"href":"https:\/\/battechbatteryhub.org\/es\/wp-json\/wp\/v2\/media?parent=6654"}],"curies":[{"name":"wp","href":"https:\/\/api.w.org\/{rel}","templated":true}]}}