{"id":6879,"date":"2022-07-08T10:58:04","date_gmt":"2022-07-08T10:58:04","guid":{"rendered":"https:\/\/battechbatteryhub.org\/actualitat\/"},"modified":"2022-10-20T10:56:50","modified_gmt":"2022-10-20T10:56:50","slug":"actualidad","status":"publish","type":"page","link":"https:\/\/battechbatteryhub.org\/es\/actualidad\/","title":{"rendered":"Actualidad"},"content":{"rendered":"\t\t<div data-elementor-type=\"wp-page\" data-elementor-id=\"6879\" class=\"elementor elementor-6879 elementor-6106\" data-elementor-post-type=\"page\">\n\t\t\t\t\t\t<section class=\"elementor-section elementor-top-section elementor-element elementor-element-a038655 elementor-section-boxed elementor-section-height-default elementor-section-height-default\" data-id=\"a038655\" data-element_type=\"section\" data-e-type=\"section\">\n\t\t\t\t\t\t<div class=\"elementor-container elementor-column-gap-default\">\n\t\t\t\t\t<div class=\"elementor-column elementor-col-100 elementor-top-column elementor-element elementor-element-57e9896\" data-id=\"57e9896\" data-element_type=\"column\" data-e-type=\"column\">\n\t\t\t<div class=\"elementor-widget-wrap elementor-element-populated\">\n\t\t\t\t\t\t<div class=\"elementor-element elementor-element-7935223 elementor-widget elementor-widget-the7_elements\" data-id=\"7935223\" data-element_type=\"widget\" data-e-type=\"widget\" data-widget_type=\"the7_elements.default\">\n\t\t\t\t<div class=\"elementor-widget-container\">\n\t\t\t\t\t<div class=\"portfolio-shortcode the7-elementor-widget the7_elements-7935223 mode-grid dt-css-grid-wrap classic-layout-list description-under-image quick-scale-img content-bg-on enable-bg-rollover resize-by-browser-width loading-effect-none\" data-padding=\"15px\" data-mobile-columns-num=\"1\" data-tablet-columns-num=\"2\" data-desktop-columns-num=\"3\" data-wide-desktop-columns-num=\"3\" data-post-limit=\"-1\" data-pagination-mode=\"standard\" data-scroll-offset=\"\"><div class=\"dt-css-grid custom-pagination-handler\"><div class=\"visible wf-cell\" data-post-id=\"7740\" data-date=\"2022-12-05T12:39:12+00:00\" data-name=\"BATTECH capta m\u00e1s de 4 millones de euros para el desarrollo de bater\u00edas y el reciclaje de materiales para veh\u00edculos el\u00e9ctricos\"><article class=\"post visible post-7740 type-post status-publish format-standard has-post-thumbnail hentry category-actualidad\" data-name=\"BATTECH capta m\u00e1s de 4 millones de euros para el desarrollo de bater\u00edas y el reciclaje de materiales para veh\u00edculos el\u00e9ctricos\" data-date=\"2022-12-05T12:39:12+00:00\">\n\n\t<div class=\"post-thumbnail-wrap\">\n\t\t<div class=\"post-thumbnail\">\n\n\t\t\t<a class=\"post-thumbnail-rollover layzr-bg img-css-resize-wrapper\" aria-label=\"Post image\" href=\"https:\/\/battechbatteryhub.org\/es\/battech-capta-mas-de-4-millones-de-euros-para-el-desarrollo-de-baterias-y-el-reciclaje-de-materiales-para-vehiculos-electricos\/\"><img fetchpriority=\"high\" decoding=\"async\" width=\"850\" height=\"447\" src=\"data:image\/svg+xml,%3Csvg%20xmlns%3D&#039;http%3A%2F%2Fwww.w3.org%2F2000%2Fsvg&#039;%20viewBox%3D&#039;0%200%20850%20447&#039;%2F%3E\" class=\"attachment-full size-full preload-me aspect lazy lazy-load\" alt=\"battech\" sizes=\"(max-width: 850px) 100vw, 850px\" style=\"--ratio: 850 \/ 447;\" data-src=\"https:\/\/battechbatteryhub.org\/wp-content\/uploads\/2022\/12\/battech.jpg\" loading=\"eager\" data-srcset=\"https:\/\/battechbatteryhub.org\/wp-content\/uploads\/2022\/12\/battech.jpg 850w, https:\/\/battechbatteryhub.org\/wp-content\/uploads\/2022\/12\/battech-300x158.jpg 300w, https:\/\/battechbatteryhub.org\/wp-content\/uploads\/2022\/12\/battech-768x404.jpg 768w\" \/><span class=\"the7-hover-icon\"><i aria-hidden=\"true\" class=\"fas fa-plus\"><\/i><\/span><\/a>\n\t\t<\/div>\n\t<\/div>\n\n\n<div class=\"post-entry-content\">\n\n\t<h3 class=\"ele-entry-title\"><a href=\"https:\/\/battechbatteryhub.org\/es\/battech-capta-mas-de-4-millones-de-euros-para-el-desarrollo-de-baterias-y-el-reciclaje-de-materiales-para-vehiculos-electricos\/\" rel=\"bookmark\" title=\"BATTECH capta m\u00e1s de 4 millones de euros para el desarrollo de bater\u00edas y el reciclaje de materiales para veh\u00edculos el\u00e9ctricos\">BATTECH capta m\u00e1s de 4 millones de euros para el desarrollo de bater\u00edas y el reciclaje de materiales para veh\u00edculos el\u00e9ctricos<\/a><\/h3><div class=\"entry-meta\"><span class=\"meta-item category-link\"><a href=\"https:\/\/battechbatteryhub.org\/es\/category\/actualidad\/\" rel=\"tag\">Actualidad<\/a><\/span><a href=\"https:\/\/battechbatteryhub.org\/es\/2022\/12\/05\/\" title=\"12:39\" class=\"meta-item data-link\" rel=\"bookmark\"><time class=\"entry-date updated\" datetime=\"2022-12-05T12:39:12+00:00\">5 de diciembre de 2022<\/time><\/a><\/div><div class=\"entry-excerpt\"><p>BATTECH, el centro de referencia en I+D+i en bater\u00edas del sur de Europa, ha iniciado este trimestre cuatro proyectos europeos estrat\u00e9gicos por un valor que supera los cuatro millones de euros, destinados a impulsar la sostenibilidad y la circularidad de materiales en la cadena de valor de la movilidad el\u00e9ctrica, con la mejora de la&hellip;<\/p>\n<\/div><a href=\"https:\/\/battechbatteryhub.org\/es\/battech-capta-mas-de-4-millones-de-euros-para-el-desarrollo-de-baterias-y-el-reciclaje-de-materiales-para-vehiculos-electricos\/\" target=\"\" aria-label=\"Read more about BATTECH capta m\u00e1s de 4 millones de euros para el desarrollo de bater\u00edas y el reciclaje de materiales para veh\u00edculos el\u00e9ctricos\" class=\"box-button elementor-button elementor-size-xs\">Leer m\u00e1s<\/a>\n<\/div><\/article><\/div><div class=\"visible wf-cell\" data-post-id=\"7594\" data-date=\"2022-09-12T08:17:25+00:00\" data-name=\"BATTECH lidera dos proyectos estrat\u00e9gicos para innovar en bater\u00edas para veh\u00edculos el\u00e9ctricos que superan los 23 millones de euros de presupuesto\"><article class=\"post visible post-7594 type-post status-publish format-standard has-post-thumbnail hentry category-actualidad\" data-name=\"BATTECH lidera dos proyectos estrat\u00e9gicos para innovar en bater\u00edas para veh\u00edculos el\u00e9ctricos que superan los 23 millones de euros de presupuesto\" data-date=\"2022-09-12T08:17:25+00:00\">\n\n\t<div class=\"post-thumbnail-wrap\">\n\t\t<div class=\"post-thumbnail\">\n\n\t\t\t<a class=\"post-thumbnail-rollover layzr-bg img-css-resize-wrapper\" aria-label=\"Post image\" href=\"https:\/\/battechbatteryhub.org\/es\/battech-lidera-dos-proyectos-estrategicos-para-innovar-en-baterias-para-vehiculos-electricos-que-superan-los-23-millones-de-euros-de-presupuesto\/\"><img decoding=\"async\" width=\"850\" height=\"447\" src=\"data:image\/svg+xml,%3Csvg%20xmlns%3D&#039;http%3A%2F%2Fwww.w3.org%2F2000%2Fsvg&#039;%20viewBox%3D&#039;0%200%20850%20447&#039;%2F%3E\" class=\"attachment-full size-full preload-me aspect lazy lazy-load\" alt=\"battech\" sizes=\"(max-width: 850px) 100vw, 850px\" style=\"--ratio: 850 \/ 447;\" data-src=\"https:\/\/battechbatteryhub.org\/wp-content\/uploads\/2022\/09\/battech.jpg\" loading=\"eager\" data-srcset=\"https:\/\/battechbatteryhub.org\/wp-content\/uploads\/2022\/09\/battech.jpg 850w, https:\/\/battechbatteryhub.org\/wp-content\/uploads\/2022\/09\/battech-300x158.jpg 300w, https:\/\/battechbatteryhub.org\/wp-content\/uploads\/2022\/09\/battech-768x404.jpg 768w\" \/><span class=\"the7-hover-icon\"><i aria-hidden=\"true\" class=\"fas fa-plus\"><\/i><\/span><\/a>\n\t\t<\/div>\n\t<\/div>\n\n\n<div class=\"post-entry-content\">\n\n\t<h3 class=\"ele-entry-title\"><a href=\"https:\/\/battechbatteryhub.org\/es\/battech-lidera-dos-proyectos-estrategicos-para-innovar-en-baterias-para-vehiculos-electricos-que-superan-los-23-millones-de-euros-de-presupuesto\/\" rel=\"bookmark\" title=\"BATTECH lidera dos proyectos estrat\u00e9gicos para innovar en bater\u00edas para veh\u00edculos el\u00e9ctricos que superan los 23 millones de euros de presupuesto\">BATTECH lidera dos proyectos estrat\u00e9gicos para innovar en bater\u00edas para veh\u00edculos el\u00e9ctricos que superan los 23 millones de euros de presupuesto<\/a><\/h3><div class=\"entry-meta\"><span class=\"meta-item category-link\"><a href=\"https:\/\/battechbatteryhub.org\/es\/category\/actualidad\/\" rel=\"tag\">Actualidad<\/a><\/span><a href=\"https:\/\/battechbatteryhub.org\/es\/2022\/09\/12\/\" title=\"08:17\" class=\"meta-item data-link\" rel=\"bookmark\"><time class=\"entry-date updated\" datetime=\"2022-09-12T08:17:25+00:00\">12 de septiembre de 2022<\/time><\/a><\/div><div class=\"entry-excerpt\"><p>El centro de referencia en I+D+i en bater\u00edas del sur de Europa, BATTECH, lidera dos proyectos estrat\u00e9gicos en el \u00e1mbito de la movilidad el\u00e9ctrica, dirigidos al desarrollo de bater\u00edas para veh\u00edculos el\u00e9ctricos m\u00e1s ligeros, sostenibles y libres de materiales cr\u00edticos como el cobalto, que suman un presupuesto que supera los 23 millones de euros. Uno&hellip;<\/p>\n<\/div><a href=\"https:\/\/battechbatteryhub.org\/es\/battech-lidera-dos-proyectos-estrategicos-para-innovar-en-baterias-para-vehiculos-electricos-que-superan-los-23-millones-de-euros-de-presupuesto\/\" target=\"\" aria-label=\"Read more about BATTECH lidera dos proyectos estrat\u00e9gicos para innovar en bater\u00edas para veh\u00edculos el\u00e9ctricos que superan los 23 millones de euros de presupuesto\" class=\"box-button elementor-button elementor-size-xs\">Leer m\u00e1s<\/a>\n<\/div><\/article><\/div><div class=\"visible wf-cell\" data-post-id=\"6886\" data-date=\"2022-06-29T14:42:10+00:00\" data-name=\"Crean bater\u00edas para veh\u00edculos el\u00e9ctricos m\u00e1s ligeros, sostenibles y libres de materiales cr\u00edticos como el cobalto\"><article class=\"post visible post-6886 type-post status-publish format-standard has-post-thumbnail hentry category-actualidad\" data-name=\"Crean bater\u00edas para veh\u00edculos el\u00e9ctricos m\u00e1s ligeros, sostenibles y libres de materiales cr\u00edticos como el cobalto\" data-date=\"2022-06-29T14:42:10+00:00\">\n\n\t<div class=\"post-thumbnail-wrap\">\n\t\t<div class=\"post-thumbnail\">\n\n\t\t\t<a class=\"post-thumbnail-rollover layzr-bg img-css-resize-wrapper\" aria-label=\"Post image\" href=\"https:\/\/battechbatteryhub.org\/es\/crean-baterias-para-vehiculos-electricos-mas-ligeros-sostenibles-y-libres-de-materiales-criticos-como-el-cobalto\/\"><img decoding=\"async\" width=\"850\" height=\"447\" src=\"data:image\/svg+xml,%3Csvg%20xmlns%3D&#039;http%3A%2F%2Fwww.w3.org%2F2000%2Fsvg&#039;%20viewBox%3D&#039;0%200%20850%20447&#039;%2F%3E\" class=\"attachment-full size-full preload-me aspect lazy lazy-load\" alt=\"\" sizes=\"(max-width: 850px) 100vw, 850px\" style=\"--ratio: 850 \/ 447;\" data-src=\"https:\/\/battechbatteryhub.org\/wp-content\/uploads\/2022\/07\/actualitat3.jpg\" loading=\"eager\" data-srcset=\"https:\/\/battechbatteryhub.org\/wp-content\/uploads\/2022\/07\/actualitat3.jpg 850w, https:\/\/battechbatteryhub.org\/wp-content\/uploads\/2022\/07\/actualitat3-300x158.jpg 300w, https:\/\/battechbatteryhub.org\/wp-content\/uploads\/2022\/07\/actualitat3-768x404.jpg 768w\" \/><span class=\"the7-hover-icon\"><i aria-hidden=\"true\" class=\"fas fa-plus\"><\/i><\/span><\/a>\n\t\t<\/div>\n\t<\/div>\n\n\n<div class=\"post-entry-content\">\n\n\t<h3 class=\"ele-entry-title\"><a href=\"https:\/\/battechbatteryhub.org\/es\/crean-baterias-para-vehiculos-electricos-mas-ligeros-sostenibles-y-libres-de-materiales-criticos-como-el-cobalto\/\" rel=\"bookmark\" title=\"Crean bater\u00edas para veh\u00edculos el\u00e9ctricos m\u00e1s ligeros, sostenibles y libres de materiales cr\u00edticos como el cobalto\">Crean bater\u00edas para veh\u00edculos el\u00e9ctricos m\u00e1s ligeros, sostenibles y libres de materiales cr\u00edticos como el cobalto<\/a><\/h3><div class=\"entry-meta\"><span class=\"meta-item category-link\"><a href=\"https:\/\/battechbatteryhub.org\/es\/category\/actualidad\/\" rel=\"tag\">Actualidad<\/a><\/span><a href=\"https:\/\/battechbatteryhub.org\/es\/2022\/06\/29\/\" title=\"14:42\" class=\"meta-item data-link\" rel=\"bookmark\"><time class=\"entry-date updated\" datetime=\"2022-06-29T14:42:10+00:00\">29 de junio de 2022<\/time><\/a><\/div><div class=\"entry-excerpt\"><p>El centro de referencia en I+D+i en bater\u00edas del sur de Europa, BATTECH, participa esta semana en la feria Battery Show Europe, que se celebra en Stuttgart, donde muestra las \u00faltimas innovaciones en el \u00e1mbito de la movilidad el\u00e9ctrica, con proyectos dirigidos al desarrollo de bater\u00edas para veh\u00edculos el\u00e9ctricos m\u00e1s ligeros, sostenibles y libres de&hellip;<\/p>\n<\/div><a href=\"https:\/\/battechbatteryhub.org\/es\/crean-baterias-para-vehiculos-electricos-mas-ligeros-sostenibles-y-libres-de-materiales-criticos-como-el-cobalto\/\" target=\"\" aria-label=\"Read more about Crean bater\u00edas para veh\u00edculos el\u00e9ctricos m\u00e1s ligeros, sostenibles y libres de materiales cr\u00edticos como el cobalto\" class=\"box-button elementor-button elementor-size-xs\">Leer m\u00e1s<\/a>\n<\/div><\/article><\/div><div class=\"visible wf-cell\" data-post-id=\"7486\" data-date=\"2021-12-14T14:35:27+00:00\" data-name=\"Battech ensaya el uso de bater\u00edas para una nueva l\u00ednea de herramientas para la construcci\u00f3n de RUBI GROUP\"><article class=\"post visible post-7486 type-post status-publish format-standard has-post-thumbnail hentry category-actualidad\" data-name=\"Battech ensaya el uso de bater\u00edas para una nueva l\u00ednea de herramientas para la construcci\u00f3n de RUBI GROUP\" data-date=\"2021-12-14T14:35:27+00:00\">\n\n\t<div class=\"post-thumbnail-wrap\">\n\t\t<div class=\"post-thumbnail\">\n\n\t\t\t<a class=\"post-thumbnail-rollover layzr-bg img-css-resize-wrapper\" aria-label=\"Post image\" href=\"https:\/\/battechbatteryhub.org\/es\/battech-ensaya-el-uso-de-baterias-para-una-nueva-linea-de-herramientas-para-la-construccion-de-rubi-group\/\"><img decoding=\"async\" width=\"850\" height=\"447\" src=\"data:image\/svg+xml,%3Csvg%20xmlns%3D&#039;http%3A%2F%2Fwww.w3.org%2F2000%2Fsvg&#039;%20viewBox%3D&#039;0%200%20850%20447&#039;%2F%3E\" class=\"attachment-full size-full preload-me aspect lazy lazy-load\" alt=\"\" sizes=\"(max-width: 850px) 100vw, 850px\" style=\"--ratio: 850 \/ 447;\" data-src=\"https:\/\/battechbatteryhub.org\/wp-content\/uploads\/2022\/07\/actualitat2.jpg\" loading=\"eager\" data-srcset=\"https:\/\/battechbatteryhub.org\/wp-content\/uploads\/2022\/07\/actualitat2.jpg 850w, https:\/\/battechbatteryhub.org\/wp-content\/uploads\/2022\/07\/actualitat2-300x158.jpg 300w, https:\/\/battechbatteryhub.org\/wp-content\/uploads\/2022\/07\/actualitat2-768x404.jpg 768w\" \/><span class=\"the7-hover-icon\"><i aria-hidden=\"true\" class=\"fas fa-plus\"><\/i><\/span><\/a>\n\t\t<\/div>\n\t<\/div>\n\n\n<div class=\"post-entry-content\">\n\n\t<h3 class=\"ele-entry-title\"><a href=\"https:\/\/battechbatteryhub.org\/es\/battech-ensaya-el-uso-de-baterias-para-una-nueva-linea-de-herramientas-para-la-construccion-de-rubi-group\/\" rel=\"bookmark\" title=\"Battech ensaya el uso de bater\u00edas para una nueva l\u00ednea de herramientas para la construcci\u00f3n de RUBI GROUP\">Battech ensaya el uso de bater\u00edas para una nueva l\u00ednea de herramientas para la construcci\u00f3n de RUBI GROUP<\/a><\/h3><div class=\"entry-meta\"><span class=\"meta-item category-link\"><a href=\"https:\/\/battechbatteryhub.org\/es\/category\/actualidad\/\" rel=\"tag\">Actualidad<\/a><\/span><a href=\"https:\/\/battechbatteryhub.org\/es\/2021\/12\/14\/\" title=\"14:35\" class=\"meta-item data-link\" rel=\"bookmark\"><time class=\"entry-date updated\" datetime=\"2021-12-14T14:35:27+00:00\">14 de diciembre de 2021<\/time><\/a><\/div><div class=\"entry-excerpt\"><p>El centro de referencia en I+D+I en bater\u00edas del sur de Europa, Battech, ha analizado la fiabilidad y la vida \u00fatil de las bater\u00edas de iones de litio que la compa\u00f1\u00eda de sector de la construcci\u00f3n RUBI GROUP ha seleccionado para desarrollar una nueva l\u00ednea de herramientas de trabajo, para garantizar su autonom\u00eda y seguridad,&hellip;<\/p>\n<\/div><a href=\"https:\/\/battechbatteryhub.org\/es\/battech-ensaya-el-uso-de-baterias-para-una-nueva-linea-de-herramientas-para-la-construccion-de-rubi-group\/\" target=\"\" aria-label=\"Read more about Battech ensaya el uso de bater\u00edas para una nueva l\u00ednea de herramientas para la construcci\u00f3n de RUBI GROUP\" class=\"box-button elementor-button elementor-size-xs\">Leer m\u00e1s<\/a>\n<\/div><\/article><\/div><div class=\"visible wf-cell\" data-post-id=\"6876\" data-date=\"2021-06-18T14:28:16+00:00\" data-name=\"IREC y Eurecat crean Battech, el centro de referencia en I+D+i en bater\u00edas del sur de Europa\"><article class=\"post visible post-6876 type-post status-publish format-standard has-post-thumbnail hentry category-actualidad\" data-name=\"IREC y Eurecat crean Battech, el centro de referencia en I+D+i en bater\u00edas del sur de Europa\" data-date=\"2021-06-18T14:28:16+00:00\">\n\n\t<div class=\"post-thumbnail-wrap\">\n\t\t<div class=\"post-thumbnail\">\n\n\t\t\t<a class=\"post-thumbnail-rollover layzr-bg img-css-resize-wrapper\" aria-label=\"Post image\" href=\"https:\/\/battechbatteryhub.org\/es\/irec-y-eurecat-crean-battech-el-centro-de-referencia-en-idi-en-baterias-del-sur-de-europa\/\"><img decoding=\"async\" width=\"850\" height=\"447\" src=\"data:image\/svg+xml,%3Csvg%20xmlns%3D&#039;http%3A%2F%2Fwww.w3.org%2F2000%2Fsvg&#039;%20viewBox%3D&#039;0%200%20850%20447&#039;%2F%3E\" class=\"attachment-full size-full preload-me aspect lazy lazy-load\" alt=\"\" sizes=\"(max-width: 850px) 100vw, 850px\" style=\"--ratio: 850 \/ 447;\" data-src=\"https:\/\/battechbatteryhub.org\/wp-content\/uploads\/2022\/07\/actualitat.jpg\" loading=\"eager\" data-srcset=\"https:\/\/battechbatteryhub.org\/wp-content\/uploads\/2022\/07\/actualitat.jpg 850w, https:\/\/battechbatteryhub.org\/wp-content\/uploads\/2022\/07\/actualitat-300x158.jpg 300w, https:\/\/battechbatteryhub.org\/wp-content\/uploads\/2022\/07\/actualitat-768x404.jpg 768w\" \/><span class=\"the7-hover-icon\"><i aria-hidden=\"true\" class=\"fas fa-plus\"><\/i><\/span><\/a>\n\t\t<\/div>\n\t<\/div>\n\n\n<div class=\"post-entry-content\">\n\n\t<h3 class=\"ele-entry-title\"><a href=\"https:\/\/battechbatteryhub.org\/es\/irec-y-eurecat-crean-battech-el-centro-de-referencia-en-idi-en-baterias-del-sur-de-europa\/\" rel=\"bookmark\" title=\"IREC y Eurecat crean Battech, el centro de referencia en I+D+i en bater\u00edas del sur de Europa\">IREC y Eurecat crean Battech, el centro de referencia en I+D+i en bater\u00edas del sur de Europa<\/a><\/h3><div class=\"entry-meta\"><span class=\"meta-item category-link\"><a href=\"https:\/\/battechbatteryhub.org\/es\/category\/actualidad\/\" rel=\"tag\">Actualidad<\/a><\/span><a href=\"https:\/\/battechbatteryhub.org\/es\/2021\/06\/18\/\" title=\"14:28\" class=\"meta-item data-link\" rel=\"bookmark\"><time class=\"entry-date updated\" datetime=\"2021-06-18T14:28:16+00:00\">18 de junio de 2021<\/time><\/a><\/div><div class=\"entry-excerpt\"><p>El&nbsp;IREC, Instituto de Investigaci\u00f3n en Energ\u00eda de Catalu\u00f1a, y el centro tecnol\u00f3gico&nbsp;Eurecat&nbsp;han creado&nbsp;Battech, un centro de referencia para cubrir toda la I+D+i del ecosistema de bater\u00edas del sur de Europa, que abarca la investigaci\u00f3n, desarrollo e innovaci\u00f3n de toda la cadena de valor de la pr\u00f3xima generaci\u00f3n de celdas y bater\u00edas el\u00e9ctricas para los mercados&hellip;<\/p>\n<\/div><a href=\"https:\/\/battechbatteryhub.org\/es\/irec-y-eurecat-crean-battech-el-centro-de-referencia-en-idi-en-baterias-del-sur-de-europa\/\" target=\"\" aria-label=\"Read more about IREC y Eurecat crean Battech, el centro de referencia en I+D+i en bater\u00edas del sur de Europa\" class=\"box-button elementor-button elementor-size-xs\">Leer m\u00e1s<\/a>\n<\/div><\/article><\/div><\/div><!-- iso-container|iso-grid --><\/div>\t\t\t\t<\/div>\n\t\t\t\t<\/div>\n\t\t\t\t\t<\/div>\n\t\t<\/div>\n\t\t\t\t\t<\/div>\n\t\t<\/section>\n\t\t\t\t<\/div>\n\t\t","protected":false},"excerpt":{"rendered":"<p>BATTECH lidera dos proyectos estrat\u00e9gicos para innovar en bater\u00edas para veh\u00edculos el\u00e9ctricos que superan los 23 millones de euros de presupuesto Actualidadsetembre 12, 2022 El centro de referencia en I+D+i en bater\u00edas del sur de Europa, BATTECH, lidera dos proyectos estrat\u00e9gicos en el \u00e1mbito de la movilidad el\u00e9ctrica, dirigidos al desarrollo de bater\u00edas para veh\u00edculos&hellip;<\/p>\n","protected":false},"author":2,"featured_media":0,"parent":0,"menu_order":0,"comment_status":"closed","ping_status":"closed","template":"","meta":{"footnotes":""},"class_list":["post-6879","page","type-page","status-publish","hentry"],"_links":{"self":[{"href":"https:\/\/battechbatteryhub.org\/es\/wp-json\/wp\/v2\/pages\/6879","targetHints":{"allow":["GET"]}}],"collection":[{"href":"https:\/\/battechbatteryhub.org\/es\/wp-json\/wp\/v2\/pages"}],"about":[{"href":"https:\/\/battechbatteryhub.org\/es\/wp-json\/wp\/v2\/types\/page"}],"author":[{"embeddable":true,"href":"https:\/\/battechbatteryhub.org\/es\/wp-json\/wp\/v2\/users\/2"}],"replies":[{"embeddable":true,"href":"https:\/\/battechbatteryhub.org\/es\/wp-json\/wp\/v2\/comments?post=6879"}],"version-history":[{"count":1,"href":"https:\/\/battechbatteryhub.org\/es\/wp-json\/wp\/v2\/pages\/6879\/revisions"}],"predecessor-version":[{"id":7712,"href":"https:\/\/battechbatteryhub.org\/es\/wp-json\/wp\/v2\/pages\/6879\/revisions\/7712"}],"wp:attachment":[{"href":"https:\/\/battechbatteryhub.org\/es\/wp-json\/wp\/v2\/media?parent=6879"}],"curies":[{"name":"wp","href":"https:\/\/api.w.org\/{rel}","templated":true}]}}