{"id":7279,"date":"2022-07-13T11:36:00","date_gmt":"2022-07-13T11:36:00","guid":{"rendered":"https:\/\/battechbatteryhub.org\/?page_id=7279"},"modified":"2022-07-14T12:55:34","modified_gmt":"2022-07-14T12:55:34","slug":"aviso-legal","status":"publish","type":"page","link":"https:\/\/battechbatteryhub.org\/es\/aviso-legal\/","title":{"rendered":"Aviso legal"},"content":{"rendered":"\t\t<div data-elementor-type=\"wp-page\" data-elementor-id=\"7279\" class=\"elementor elementor-7279 elementor-6625\" data-elementor-post-type=\"page\">\n\t\t\t\t\t\t<section class=\"elementor-section elementor-top-section elementor-element elementor-element-33c61593 elementor-section-boxed elementor-section-height-default elementor-section-height-default\" data-id=\"33c61593\" data-element_type=\"section\" data-e-type=\"section\">\n\t\t\t\t\t\t<div class=\"elementor-container elementor-column-gap-default\">\n\t\t\t\t\t<div class=\"elementor-column elementor-col-100 elementor-top-column elementor-element elementor-element-3975ccbd\" data-id=\"3975ccbd\" data-element_type=\"column\" data-e-type=\"column\">\n\t\t\t<div class=\"elementor-widget-wrap elementor-element-populated\">\n\t\t\t\t\t\t<div class=\"elementor-element elementor-element-46aaa259 elementor-widget elementor-widget-text-editor\" data-id=\"46aaa259\" data-element_type=\"widget\" data-e-type=\"widget\" data-widget_type=\"text-editor.default\">\n\t\t\t\t<div class=\"elementor-widget-container\">\n\t\t\t\t\t\t\t\t\t\n<hr class=\"wp-block-separator has-alpha-channel-opacity\"\/>\n\t\t\t\t\t\t\t\t<\/div>\n\t\t\t\t<\/div>\n\t\t\t\t\t<\/div>\n\t\t<\/div>\n\t\t\t\t\t<\/div>\n\t\t<\/section>\n\t\t\t\t<section class=\"elementor-section elementor-top-section elementor-element elementor-element-46d7dd5 elementor-section-boxed elementor-section-height-default elementor-section-height-default\" data-id=\"46d7dd5\" data-element_type=\"section\" data-e-type=\"section\">\n\t\t\t\t\t\t<div class=\"elementor-container elementor-column-gap-default\">\n\t\t\t\t\t<div class=\"elementor-column elementor-col-16 elementor-top-column elementor-element elementor-element-1b6976b\" data-id=\"1b6976b\" data-element_type=\"column\" data-e-type=\"column\">\n\t\t\t<div class=\"elementor-widget-wrap\">\n\t\t\t\t\t\t\t<\/div>\n\t\t<\/div>\n\t\t\t\t<div class=\"elementor-column elementor-col-66 elementor-top-column elementor-element elementor-element-612f847\" data-id=\"612f847\" data-element_type=\"column\" data-e-type=\"column\">\n\t\t\t<div class=\"elementor-widget-wrap elementor-element-populated\">\n\t\t\t\t\t\t<div class=\"elementor-element elementor-element-6f77dd9 elementor-widget elementor-widget-text-editor\" data-id=\"6f77dd9\" data-element_type=\"widget\" data-e-type=\"widget\" data-widget_type=\"text-editor.default\">\n\t\t\t\t<div class=\"elementor-widget-container\">\n\t\t\t\t\t\t\t\t\t<p><\/p>\n<p>En cumplimiento de la Ley 34\/2002, de 11 de julio, de Servicios de la Sociedad de la Informaci\u00f3n y de Comercio Electr\u00f3nico (LSSICE), se informa al Usuario que el titular del dominio de la p\u00e1gina web <a href=\"http:\/\/www.battechbatteryhub.org\">www.battechbatteryhub.org<\/a> es FUNDACI\u00d3 EURECAT (en adelante el \u201c<strong>Prestado<\/strong>r\u201d o \u201c<strong>Eurecat<\/strong>\u201d), cuyos datos de identificaci\u00f3n son los siguientes:<br \/><br \/>Domicilio social Avda. Universitat Aut\u00f2noma 23, 08290 Cerdanyola del Vall\u00e8s (BCN)<\/p>\n<p> <\/p>\n<p>CIF: G66210345<br \/>Correo electr\u00f3nico: <a href=\"mailto:legal@eurecat.org\">legal@eurecat.org<\/a><br \/>Datos del registro: Inscrita al Registro de Fundaciones con el n\u00famero 2826<\/p>\n<p> <\/p>\n<p><strong>OBJETO Y ALCANCE<\/strong><\/p>\n<p> <\/p>\n<p>El presente Aviso Legal regula el acceso y uso de la p\u00e1gina web <a href=\"http:\/\/www.battechbatteryhub.org\">www.battechbatteryhub.org<\/a> (en adelante la \u201c<strong>Web<\/strong>\u201d) que tiene por objeto proporcionar informaci\u00f3n relacionada con las actividades y servicios de BATTECH como centro de referencia del sud de Europa de bater\u00edas impulsado por el IREC y Fundaci\u00f3 Eurecat y permitir acceso general a todos los usuarios de Internet.<\/p>\n<p> <\/p>\n<p>El acceso y\/o uso de la Web atribuye a qui\u00e9n lo realiza la condici\u00f3n de usuario (en adelante el\/los \u201c<strong>Usuario\/os<\/strong>\u201d) y en consecuencia la aceptaci\u00f3n sin reservas de todas y cada una de las partes del presente Aviso Legal, Pol\u00edtica de Privacidad y Cookies, o cualesquiera otras condiciones particulares vinculadas a la Web.<\/p>\n<p> <\/p>\n<p>Le corresponde al Usuario leer atentamente el Aviso Legal, Pol\u00edtica de Privacidad y de Cookies, as\u00ed como consultar regularmente su contenido y mantenerse actualizado, dado que el Prestador se reserva la facultar de realizar modificaci\u00f3n y actualizaci\u00f3n de los textos legales, de los contenidos y servicios de la Web, sin necesidad de previo aviso. Eurecat ruega se abstenga de utilizar o acceder a la Web en el caso de que no acepte el contenido del Aviso Legal, Pol\u00edtica de Privacidad y de Cookies o cualesquiera otras normas que est\u00e9n vinculadas a la Web.<\/p>\n<p> <\/p>\n<p><strong>CONDICIONES DE USO<\/strong><\/p>\n<p> <\/p>\n<p>El Usuario es el \u00fanico responsable del uso que pueda hacer de la Web, por todo contenido que reproduzca en o, a trav\u00e9s de la Web y por cualquier consecuencia que de ello se derive. Por consiguiente, el Prestador no se har\u00e1 responsable de ning\u00fan da\u00f1o, de cualquier \u00edndole, que se derive del uso y acceso de la Web por el Usuario. El Usuario ser\u00e1 el responsable de los da\u00f1os y perjuicios que el Prestador pueda sufrir como consecuencia del incumplimiento de cualesquiera de las obligaciones a las que queda sometido a trav\u00e9s del presente Aviso Legal, Pol\u00edtica de Privacidad y de Cookies y de la normativa aplicable.<\/p>\n<p> <\/p>\n<p>El Usuario se compromete a hacer un uso diligente de la Web, sus contenidos y servicios, de conformidad con la Ley, las buenas costumbres, el orden p\u00fablico, el presente Aviso Legal y de cualesquiera otras condiciones establecidas en la misma.<\/p>\n<p> <\/p>\n<p>El Usuario se obliga a no utilizar la Web, sus contenidos y\/o servicios, con fines o efectos il\u00edcitos, prohibidos, lesivos para los intereses o derechos de terceros, contraviniendo el contenido del presente Aviso legal, o cualesquiera acciones que puedan da\u00f1ar, inutilizar, deteriorar, impedir el normal acceso y disfrute de la Web y\/o sus contenidos para otros usuarios.<\/p>\n<p> <\/p>\n<p>En ese sentido, el Usuario se compromete expresamente a no destruir, alterar, inutilizar o de cualquier otra forma, da\u00f1ar los datos, programas o documentos electr\u00f3nicos que se encuentren en la Web, as\u00ed como a no obstaculizar el acceso a la Web de terceros mediante el consumo masivo de los recursos a trav\u00e9s de los cuales Eurecat proporciona los servicios de la Web o cualesquiera otras acciones que da\u00f1en, interrumpan o puedan generar errores en la Web, su contenido y servicios.<\/p>\n<p> <\/p>\n<p>Del mismo modo, el Usuario se compromete a no introducir programas, virus, macros, applets, controles ActiveX o cualquier otro dispositivo l\u00f3gico o secuencia de caracteres que causen o sean susceptibles de causar cualquier tipo de alteraci\u00f3n en los sistemas inform\u00e1ticos del Prestador o de terceros.<\/p>\n<p> <\/p>\n<p>El Usuario acepta que los documentos y gr\u00e1ficos publicados en este servidor podr\u00edan incluir incorrecciones t\u00e9cnicas y errores tipogr\u00e1ficos, as\u00ed como que el Prestador o su respectivo suministrador del servicio, puedan realizar mejoras y\/o cambios en la Web en cualquier momento sin que ello le otorgue derechos de reclamaci\u00f3n.<\/p>\n<p> <\/p>\n<p>As\u00ed mismo, el Usuario acepta que Eurecat se reserve el derecho a modificar o interrumpir la Web, conforme a lo dispuesto en el apartado <em>\u201cModificaciones e Interrupciones\u201d<\/em>, as\u00ed como se reserva el derecho a deshabilitar o bloquear el acceso a la Web, o eliminar limitar contenidos en el caso que infrinjan el presente Aviso Legal, los derechos de terceros, la legislaci\u00f3n aplicable y\/o el orden p\u00fablico, sin que en ning\u00fan caso el Usuario ostente derechos de reclamaci\u00f3n frente al Prestador.<\/p>\n<p> <\/p>\n<p><strong>PROPIEDAD INTELECTUAL E INDUSTRIAL<\/strong><\/p>\n<p> <\/p>\n<p>El Prestador o sus licenciantes, son titulares de todos los derechos de propiedad intelectual sobre los contenidos de la Web, entendiendo como tales a t\u00edtulo enunciativo que no limitativo, todos los dise\u00f1os, bases de datos, programas de ordenadores subyacentes (c\u00f3digo fuente, incluido), as\u00ed como los diferentes elementos que integran la Web (textos, gr\u00e1ficos, fotograf\u00edas, v\u00eddeos, colores, etc.), estructura, orden, textos legales, etc\u00e9tera (en adelante \u201c<strong>Contenidos<\/strong>\u201d). En relaci\u00f3n con las marcas y nombres comerciales (en adelante \u201c<strong>Signos Distintivos<\/strong>\u201d) son titularidad del Prestador o los licenciantes.<\/p>\n<p> <\/p>\n<p>El uso de la Web por parte del Usuario no supone la cesi\u00f3n de ning\u00fan derecho de propiedad intelectual ni industrial. El Usuario tiene totalmente prohibido reproducir, copiar, distribuir, poner a disposici\u00f3n o cualquier otra forma de comunicar p\u00fablicamente, transformar o modificar los Contenidos o los Signos distintivos, salvo que se cuente con la autorizaci\u00f3n del titular de los correspondientes derechos o esto resulte legalmente permitido.<\/p>\n<p> <\/p>\n<p><strong>INTERRUPCIONES Y MODIFICACIONES<\/strong><\/p>\n<p> <\/p>\n<p>El acceso, los contenidos y\/o servicios de la Web pueden verse interrumpidos debido a trabajos de mantenimiento o fallos ajenos al control del Prestador, que ser\u00e1n solventados en un periodo de tiempo necesario.<\/p>\n<p> <\/p>\n<p>Eurecat se reserva el derecho de modificar en cualquier momento y sin previo aviso las caracter\u00edsticas, funciones o el alcance de los servicios de la Web, as\u00ed como cualquier informaci\u00f3n o material aqu\u00ed recogida.<\/p>\n<p> <\/p>\n<p>El Prestador se reserva el derecho a deshabilitar o bloquear el acceso a la Web, o eliminar limitar contenidos en el caso que infrinjan el presente Aviso Legal, los derechos de terceros, la legislaci\u00f3n aplicable y\/o el orden p\u00fablico.<\/p>\n<p> <\/p>\n<p>El Prestador no se hace responsable de los posibles errores de seguridad que se puedan producir ni de los posibles da\u00f1os que puedan causarse al dispositivo del\u00a0 Usuario (hardware y software) y los ficheros o documentos almacenados en el mismo, como consecuencia de la presencia de virus en el dispositivo del usuario utilizado para la conexi\u00f3n a los servicios y contenidos de la Web, de un mal funcionamiento de Internet, de aver\u00edas telef\u00f3nicas, interferencias, omisiones o desconexiones en el funcionamiento operativo de la Web motivados por causas ajenas a Eurecat.<\/p>\n<p> <\/p>\n<p>El Prestador no se hace responsable de los da\u00f1os o perjuicios directos o indirectos derivados del uso de la Web, del servidor ni de sus interrupciones o modificaciones, que pudieran ocasionarse a los Usuarios o terceros.<\/p>\n<p> <\/p>\n<p><strong>LEGISLACI\u00d3N APLICABLE<\/strong><\/p>\n<p> <\/p>\n<p>El presente Aviso Legal, textos legales y Web se regir\u00e1n e interpretar\u00e1 de conformidad con la legislaci\u00f3n espa\u00f1ola.<\/p>\n<p> <\/p>\n<p><br \/>Para la resoluci\u00f3n de cualquier conflicto que pudiera derivarse del acceso a la Web, se someter\u00e1n a los juzgados o tribunales pertinentes en conformidad con la normativa de consumidores y usuarios.<\/p>\n<p> <\/p>\n<p><strong>CONTACTO<\/strong><\/p>\n<p> <\/p>\n<p>Para cualquier consulta o comentario sobre el presente Aviso Legal o sobre cualquier otro aspecto relacionado con la Web, se podr\u00e1 poner en contacto con el Prestador a trav\u00e9s del correo electr\u00f3nico info@battechbatteryhub.org<\/p>\t\t\t\t\t\t\t\t<\/div>\n\t\t\t\t<\/div>\n\t\t\t\t\t<\/div>\n\t\t<\/div>\n\t\t\t\t<div class=\"elementor-column elementor-col-16 elementor-top-column elementor-element elementor-element-5331225\" data-id=\"5331225\" data-element_type=\"column\" data-e-type=\"column\">\n\t\t\t<div class=\"elementor-widget-wrap\">\n\t\t\t\t\t\t\t<\/div>\n\t\t<\/div>\n\t\t\t\t\t<\/div>\n\t\t<\/section>\n\t\t\t\t<\/div>\n\t\t","protected":false},"excerpt":{"rendered":"<p>En cumplimiento de la Ley 34\/2002, de 11 de julio, de Servicios de la Sociedad de la Informaci\u00f3n y de Comercio Electr\u00f3nico (LSSICE), se informa al Usuario que el titular del dominio de la p\u00e1gina web www.battechbatteryhub.org es FUNDACI\u00d3 EURECAT (en adelante el \u201cPrestador\u201d o \u201cEurecat\u201d), cuyos datos de identificaci\u00f3n son los siguientes: Domicilio social&hellip;<\/p>\n","protected":false},"author":2,"featured_media":0,"parent":0,"menu_order":0,"comment_status":"closed","ping_status":"closed","template":"","meta":{"footnotes":""},"class_list":["post-7279","page","type-page","status-publish","hentry"],"_links":{"self":[{"href":"https:\/\/battechbatteryhub.org\/es\/wp-json\/wp\/v2\/pages\/7279","targetHints":{"allow":["GET"]}}],"collection":[{"href":"https:\/\/battechbatteryhub.org\/es\/wp-json\/wp\/v2\/pages"}],"about":[{"href":"https:\/\/battechbatteryhub.org\/es\/wp-json\/wp\/v2\/types\/page"}],"author":[{"embeddable":true,"href":"https:\/\/battechbatteryhub.org\/es\/wp-json\/wp\/v2\/users\/2"}],"replies":[{"embeddable":true,"href":"https:\/\/battechbatteryhub.org\/es\/wp-json\/wp\/v2\/comments?post=7279"}],"version-history":[{"count":1,"href":"https:\/\/battechbatteryhub.org\/es\/wp-json\/wp\/v2\/pages\/7279\/revisions"}],"predecessor-version":[{"id":7284,"href":"https:\/\/battechbatteryhub.org\/es\/wp-json\/wp\/v2\/pages\/7279\/revisions\/7284"}],"wp:attachment":[{"href":"https:\/\/battechbatteryhub.org\/es\/wp-json\/wp\/v2\/media?parent=7279"}],"curies":[{"name":"wp","href":"https:\/\/api.w.org\/{rel}","templated":true}]}}