{"id":7723,"date":"2022-07-13T11:29:55","date_gmt":"2022-07-13T11:29:55","guid":{"rendered":"https:\/\/battechbatteryhub.org\/politica-de-cookies\/"},"modified":"2025-10-01T11:00:29","modified_gmt":"2025-10-01T11:00:29","slug":"politica-de-cookies","status":"publish","type":"page","link":"https:\/\/battechbatteryhub.org\/es\/politica-de-cookies\/","title":{"rendered":"POL\u00cdTICA DE COOKIES"},"content":{"rendered":"\t\t<div data-elementor-type=\"wp-page\" data-elementor-id=\"7723\" class=\"elementor elementor-7723 elementor-6567\" data-elementor-post-type=\"page\">\n\t\t\t\t\t\t<section class=\"elementor-section elementor-top-section elementor-element elementor-element-661a1e3 elementor-section-boxed elementor-section-height-default elementor-section-height-default\" data-id=\"661a1e3\" data-element_type=\"section\" data-e-type=\"section\">\n\t\t\t\t\t\t<div class=\"elementor-container elementor-column-gap-default\">\n\t\t\t\t\t<div class=\"elementor-column elementor-col-25 elementor-top-column elementor-element elementor-element-03ff1a9\" data-id=\"03ff1a9\" data-element_type=\"column\" data-e-type=\"column\">\n\t\t\t<div class=\"elementor-widget-wrap\">\n\t\t\t\t\t\t\t<\/div>\n\t\t<\/div>\n\t\t\t\t<div class=\"elementor-column elementor-col-50 elementor-top-column elementor-element elementor-element-5a662c7\" data-id=\"5a662c7\" data-element_type=\"column\" data-e-type=\"column\">\n\t\t\t<div class=\"elementor-widget-wrap elementor-element-populated\">\n\t\t\t\t\t\t<div class=\"elementor-element elementor-element-ff40810 elementor-widget elementor-widget-text-editor\" data-id=\"ff40810\" data-element_type=\"widget\" data-e-type=\"widget\" data-widget_type=\"text-editor.default\">\n\t\t\t\t<div class=\"elementor-widget-container\">\n\t\t\t\t\t\t\t\t\t<p><strong>\u00bfQu\u00e9 son las cookies y por qu\u00e9 se utilizan?<\/strong><\/p>\n<p>Una cookie es un archivo que se descarga en el dispositivo del usuario para acceder a un determinado sitio web para almacenar y recuperar informaci\u00f3n sobre la navegaci\u00f3n que se hace en el ordenador.<\/p>\n<p>Las cookies permiten a este sitio web, entre otras cosas, almacenar y recuperar informaci\u00f3n sobre las opciones y los h\u00e1bitos del usuario.&nbsp;En este sitio web, las cookies que existen son necesarias para el funcionamiento de este.<\/p>\n<p>Es importante tener en cuenta que el uso de cookies no proporciona datos personales del usuario.<\/p>\n<p><strong>\u00bfQu\u00e9 tipo de cookies existen?<\/strong><\/p>\n<p>Las cookies, en funci\u00f3n del tiempo que permanecen activadas, pueden dividirse en cookies de sesi\u00f3n o permanentes:<\/p>\n<ul>\n<li><strong>Cookies de sesi\u00f3n: <\/strong>los datos que recaban y almacenan estas cookies se recogen mientras el usuario navega por la p\u00e1gina web, y son eliminadas al cerrar el navegador. Se suelen emplear para almacenar informaci\u00f3n que interesa conservar para la prestaci\u00f3n del servicio solicitado por el usuario en una sola ocasi\u00f3n.<\/li>\n<li><strong>Cookies persistentes:<\/strong> mediante estas cookies los datos contin\u00faan almacenados en el terminal durante un per\u00edodo de tiempo determinado, facilitando as\u00ed el control de las preferencias elegidas sin tener que repetir ciertos par\u00e1metros cada vez que se visite el sitio web.<\/li>\n<\/ul>\n<p>Adicionalmente, seg\u00fan la entidad que las gestione, las cookies pueden clasificarse en propias o de tercero:<\/p>\n<ul>\n<li><strong>Cookies propias: <\/strong>estas cookies se env\u00edan al equipo terminal del usuario desde un equipo o dominio gestionado por el propio editor y desde el cual se presta el servicio solicitado por el usuario.<\/li>\n<li><strong>Cookies de terceros:<\/strong> estas cookies se env\u00edan al equipo terminal del usuario desde un equipo o dominio que no es gestionado por el editor, sino por otra entidad que trata los datos obtenidos trav\u00e9s de las cookies.<\/li>\n<\/ul>\n<p><strong>&nbsp;<\/strong>En cuanto a la finalidad, las cookies pueden ser:<\/p>\n<ul>\n<li><strong>Cookies t\u00e9cnicas: <\/strong>estas cookies permiten controlar el tr\u00e1fico y la comunicaci\u00f3n de datos.<\/li>\n<li><strong>Cookies de personalizaci\u00f3n: <\/strong>estas cookies dejan acceder a los usuarios seg\u00fan algunas caracter\u00edsticas propias que se recogen (navegador, idioma, etc.).<\/li>\n<li><strong>Cookies de an\u00e1lisis: <\/strong>estas cookies permiten al responsable de las mismas el seguimiento y an\u00e1lisis del comportamiento de los usuarios de los sitios web y permiten elaborar un perfil de usuario.<\/li>\n<li><strong>Cookies publicitarias:<\/strong> estas cookies recogen datos sobre la gesti\u00f3n de los espacios publicitarios.<\/li>\n<\/ul>\n<p><strong><u>\u00bfQu\u00e9 tipo de cookies utiliza la web?<\/u><\/strong><\/p>\n<p>El usuario puede consultar y configurar el uso de las cookies de la web en el [wcc_preference_button]<\/p>\n<p>Es importante que el usuario tenga en cuenta que, aunque configure las cookies de la web, algunas de las cookies instaladas son necesarias para poder utilizar correctamente la web, estas cookies no requieren su consentimiento ni gesti\u00f3n.<\/p>\n<p>[wcc_category_list]<\/p>\n<p><strong>\u00bfC\u00f3mo deshabilitar las cookies en su navegador?<\/strong><\/p>\n<p>La configuraci\u00f3n de las cookies se ve reflejada en el navegador escogido por el usuario, adicionalmente se proporciona informaci\u00f3n adicional al usuario sobre c\u00f3mo puede permitir, bloquear o eliminar las cookies instaladas en su equipo mediante la configuraci\u00f3n de las opciones del navegador instalado en su ordenador. Por favor, lee atentamente la secci\u00f3n de ayuda de su navegador para conocer m\u00e1s acerca de c\u00f3mo activar el \u201cmodo privado\u201d o desbloquear determinadas cookies.<\/p>\n<ul>\n<li>Informaci\u00f3n sobre cookies para&nbsp;<a href=\"https:\/\/support.microsoft.com\/es-es\/help\/17442\/windows-internet-explorer-delete-manage-cookies\">Internet Explorer<\/a>.<\/li>\n<li>Informaci\u00f3n sobre cookies para&nbsp;<a href=\"https:\/\/support.mozilla.org\/es\/kb\/habilitar-y-deshabilitar-cookies-que-los-sitios-we\">Mozilla Firefox<\/a>.<\/li>\n<li>Informaci\u00f3n sobre cookies para&nbsp;<a href=\"http:\/\/help.opera.com\/Windows\/11.50\/es-ES\/cookies.html\">Opera<\/a>.<\/li>\n<li>Informaci\u00f3n sobre cookies para&nbsp;<a href=\"https:\/\/support.google.com\/accounts\/answer\/61416?hl=es\">Google Chrome<\/a>.<\/li>\n<li>Informaci\u00f3n sobre cookies para&nbsp;<a href=\"https:\/\/support.apple.com\/es-es\/HT201265\">Safari<\/a>.<\/li>\n<\/ul>\n<p><strong>&nbsp;<\/strong><strong>Informaci\u00f3n adicional<\/strong><\/p>\n<p>Para m\u00e1s informaci\u00f3n sobre el uso de las cookies y c\u00f3mo bloquearlas accede a <a href=\"http:\/\/www.allaboutcookies.org\">www.allaboutcookies.org<\/a>, <a href=\"http:\/\/www.youronlinechoices.eu\">www.youronlinechoices.eu<\/a>. Si tiene alguna pregunta o comentario acerca de nuestro uso de cookies, p\u00f3ngase en contacto con nosotros v\u00eda correo electr\u00f3nico a <a href=\"mailto:legal@eurecat.org\"><strong>legal@eurecat.org<\/strong><\/a> como responsable de la web o bien, como proveedor del servicio de gesti\u00f3n web<\/p>\t\t\t\t\t\t\t\t<\/div>\n\t\t\t\t<\/div>\n\t\t\t\t\t<\/div>\n\t\t<\/div>\n\t\t\t\t<div class=\"elementor-column elementor-col-25 elementor-top-column elementor-element elementor-element-202e28f\" data-id=\"202e28f\" data-element_type=\"column\" data-e-type=\"column\">\n\t\t\t<div class=\"elementor-widget-wrap\">\n\t\t\t\t\t\t\t<\/div>\n\t\t<\/div>\n\t\t\t\t\t<\/div>\n\t\t<\/section>\n\t\t\t\t<\/div>\n\t\t","protected":false},"excerpt":{"rendered":"<p>\u00bfQu\u00e9 son las cookies y por qu\u00e9 se utilizan? Una cookie es un archivo que se descarga en el dispositivo del usuario para acceder a un determinado sitio web para almacenar y recuperar informaci\u00f3n sobre la navegaci\u00f3n que se hace en el ordenador. Las cookies permiten a este sitio web, entre otras cosas, almacenar y&hellip;<\/p>\n","protected":false},"author":2,"featured_media":0,"parent":0,"menu_order":0,"comment_status":"closed","ping_status":"closed","template":"","meta":{"footnotes":""},"class_list":["post-7723","page","type-page","status-publish","hentry"],"_links":{"self":[{"href":"https:\/\/battechbatteryhub.org\/es\/wp-json\/wp\/v2\/pages\/7723","targetHints":{"allow":["GET"]}}],"collection":[{"href":"https:\/\/battechbatteryhub.org\/es\/wp-json\/wp\/v2\/pages"}],"about":[{"href":"https:\/\/battechbatteryhub.org\/es\/wp-json\/wp\/v2\/types\/page"}],"author":[{"embeddable":true,"href":"https:\/\/battechbatteryhub.org\/es\/wp-json\/wp\/v2\/users\/2"}],"replies":[{"embeddable":true,"href":"https:\/\/battechbatteryhub.org\/es\/wp-json\/wp\/v2\/comments?post=7723"}],"version-history":[{"count":1,"href":"https:\/\/battechbatteryhub.org\/es\/wp-json\/wp\/v2\/pages\/7723\/revisions"}],"predecessor-version":[{"id":8866,"href":"https:\/\/battechbatteryhub.org\/es\/wp-json\/wp\/v2\/pages\/7723\/revisions\/8866"}],"wp:attachment":[{"href":"https:\/\/battechbatteryhub.org\/es\/wp-json\/wp\/v2\/media?parent=7723"}],"curies":[{"name":"wp","href":"https:\/\/api.w.org\/{rel}","templated":true}]}}